{"id":12,"date":"2014-11-08T17:53:59","date_gmt":"2014-11-08T23:53:59","guid":{"rendered":"http:\/\/sureandolosderechos.org\/?page_id=12"},"modified":"2017-01-13T00:52:24","modified_gmt":"2017-01-13T06:52:24","slug":"de-nosotros","status":"publish","type":"page","link":"https:\/\/sureandolosderechos.org\/?page_id=12","title":{"rendered":"De nosotros"},"content":{"rendered":"<p><strong><em>Sureando los Derechos<\/em> <\/strong>es un espacio de interacci\u00f3n creado por el Grupo de Investigaci\u00f3n \u00abFilosof\u00eda, Derechos y Sociedad\u00bb, de la Academia de Derecho del CHyCS-UACM, el cual re\u00fane esfuerzos de alumnxs y profesorxs de la UACM y la UNAM.<\/p>\n<p>La indignaci\u00f3n por la realidad uni\u00f3 nuestras voces en colectivo. Entendemos el derecho como una herramienta que ha servido para la dominaci\u00f3n; no obstante, vemos tambi\u00e9n el infinito potencial de que las personas se apropien de sus derechos, del empoderamiento de subjetividades hist\u00f3ricamente vulneradas para defenderse, para que emerjan gritos de libertad y caminar hacia ella. Creemos que la labor de lxs abogadxs en esta tarea es el acompa\u00f1amiento, sensible, solidario e integral de las causas junto a movimientos sociales y personales.<\/p>\n<p>Este foro est\u00e1 dedicado a dar voz al Sur -como condici\u00f3n de opresi\u00f3n no geogr\u00e1fica-, a los contextos en los que los derechos se construyen, a la justicia que queda olvidada por la impunidad, haciendo historias, otras historias. Nos interesa generar un lugar com\u00fan para tejer todas las formas de difusi\u00f3n del pensamiento jur\u00eddico cr\u00edtico y compartirlas con ustedes: eventos acad\u00e9micos, el programa de radio <em>\u00abZurdeando los derechos\u00bb<\/em>, seminarios de lectura y discusi\u00f3n de textos de filosof\u00eda y derecho y, claro, no podr\u00eda faltar, arte y literatura.<\/p>\n<p>La participaci\u00f3n de lxs visitantes nos emociona; el di\u00e1logo siempre enriquece y sus generosos comentarios, opiniones y cr\u00edticas son ingredientes imprescindibles para la construcci\u00f3n de saberes plurales e inclusivos\u00a0y as\u00ed el mejoramiento de este blog.<\/p>\n<p>Sean bienvenidxs, siempre\u00a1<\/p>\n<p>Las y los que aqu\u00ed trabajamos.<\/p>\n<p><a href=\"http:\/\/sureandolosderechos.org\/wp-content\/uploads\/2017\/01\/cropped-FilDerSoc.jpg\"><img loading=\"lazy\" decoding=\"async\" class=\"alignnone size-medium wp-image-324\" src=\"http:\/\/sureandolosderechos.org\/wp-content\/uploads\/2017\/01\/cropped-FilDerSoc-300x300.jpg\" alt=\"\" width=\"300\" height=\"300\" srcset=\"https:\/\/sureandolosderechos.org\/wp-content\/uploads\/2017\/01\/cropped-FilDerSoc-300x300.jpg 300w, https:\/\/sureandolosderechos.org\/wp-content\/uploads\/2017\/01\/cropped-FilDerSoc-150x150.jpg 150w, https:\/\/sureandolosderechos.org\/wp-content\/uploads\/2017\/01\/cropped-FilDerSoc-270x270.jpg 270w, https:\/\/sureandolosderechos.org\/wp-content\/uploads\/2017\/01\/cropped-FilDerSoc-192x192.jpg 192w, https:\/\/sureandolosderechos.org\/wp-content\/uploads\/2017\/01\/cropped-FilDerSoc-180x180.jpg 180w, https:\/\/sureandolosderechos.org\/wp-content\/uploads\/2017\/01\/cropped-FilDerSoc-32x32.jpg 32w, https:\/\/sureandolosderechos.org\/wp-content\/uploads\/2017\/01\/cropped-FilDerSoc.jpg 512w\" sizes=\"auto, (max-width: 300px) 100vw, 300px\" \/><\/a><\/p>\n","protected":false},"excerpt":{"rendered":"<p>Sureando los Derechos es un espacio de interacci\u00f3n creado por el Grupo de Investigaci\u00f3n \u00abFilosof\u00eda, Derechos y Sociedad\u00bb, de la Academia de Derecho del CHyCS-UACM, el cual re\u00fane esfuerzos de alumnxs y profesorxs de la UACM y la UNAM. La indignaci\u00f3n por la realidad uni\u00f3 nuestras voces en colectivo. Entendemos el derecho como una herramienta [&hellip;]<\/p>\n","protected":false},"author":1,"featured_media":0,"parent":0,"menu_order":0,"comment_status":"open","ping_status":"open","template":"","meta":{"footnotes":""},"class_list":["post-12","page","type-page","status-publish","hentry"],"_links":{"self":[{"href":"https:\/\/sureandolosderechos.org\/index.php?rest_route=\/wp\/v2\/pages\/12","targetHints":{"allow":["GET"]}}],"collection":[{"href":"https:\/\/sureandolosderechos.org\/index.php?rest_route=\/wp\/v2\/pages"}],"about":[{"href":"https:\/\/sureandolosderechos.org\/index.php?rest_route=\/wp\/v2\/types\/page"}],"author":[{"embeddable":true,"href":"https:\/\/sureandolosderechos.org\/index.php?rest_route=\/wp\/v2\/users\/1"}],"replies":[{"embeddable":true,"href":"https:\/\/sureandolosderechos.org\/index.php?rest_route=%2Fwp%2Fv2%2Fcomments&post=12"}],"version-history":[{"count":9,"href":"https:\/\/sureandolosderechos.org\/index.php?rest_route=\/wp\/v2\/pages\/12\/revisions"}],"predecessor-version":[{"id":349,"href":"https:\/\/sureandolosderechos.org\/index.php?rest_route=\/wp\/v2\/pages\/12\/revisions\/349"}],"wp:attachment":[{"href":"https:\/\/sureandolosderechos.org\/index.php?rest_route=%2Fwp%2Fv2%2Fmedia&parent=12"}],"curies":[{"name":"wp","href":"https:\/\/api.w.org\/{rel}","templated":true}]}}